{"id":2868,"date":"2026-03-14T11:53:35","date_gmt":"2026-03-14T03:53:35","guid":{"rendered":"https:\/\/hyring-force.com\/?page_id=2868"},"modified":"2026-03-18T22:25:53","modified_gmt":"2026-03-18T14:25:53","slug":"about-us","status":"publish","type":"page","link":"https:\/\/hyring-force.com\/de\/about-us\/","title":{"rendered":"\u00dcber uns"},"content":{"rendered":"<style>.elementor-2868 .elementor-element.elementor-element-945f381{--display:flex;--flex-direction:row;--container-widget-width:calc( ( 1 - var( --container-widget-flex-grow ) ) * 100% );--container-widget-height:100%;--container-widget-flex-grow:1;--container-widget-align-self:stretch;--flex-wrap-mobile:wrap;--align-items:stretch;--gap:0px 0px;--row-gap:0px;--column-gap:0px;--padding-top:120px;--padding-bottom:70px;--padding-left:0px;--padding-right:0px;}.elementor-2868 .elementor-element.elementor-element-945f381:not(.elementor-motion-effects-element-type-background), .elementor-2868 .elementor-element.elementor-element-945f381 > .elementor-motion-effects-container > .elementor-motion-effects-layer{background-color:#FBFBFB;}.elementor-2868 .elementor-element.elementor-element-aa727dd{--display:flex;--justify-content:center;--margin-top:0px;--margin-bottom:0px;--margin-left:0px;--margin-right:0px;--padding-top:0px;--padding-bottom:0px;--padding-left:0px;--padding-right:30px;}.elementor-2868 .elementor-element.elementor-element-d09f9a7{font-family:var( --e-global-typography-b7d80fe-font-family ), Sans-serif;font-size:var( --e-global-typography-b7d80fe-font-size );font-weight:var( --e-global-typography-b7d80fe-font-weight );line-height:var( --e-global-typography-b7d80fe-line-height );letter-spacing:var( --e-global-typography-b7d80fe-letter-spacing );word-spacing:var( --e-global-typography-b7d80fe-word-spacing );color:var( --e-global-color-5351bf0 );margin:0px 0px calc(var(--kit-widget-spacing, 0px) + -10px) 0px;}.elementor-2868 .elementor-element.elementor-element-c312030 .elementor-heading-title{font-family:var( --e-global-typography-cd9e6b7-font-family ), Sans-serif;font-size:var( --e-global-typography-cd9e6b7-font-size );font-weight:var( --e-global-typography-cd9e6b7-font-weight );text-transform:var( --e-global-typography-cd9e6b7-text-transform );line-height:var( --e-global-typography-cd9e6b7-line-height );letter-spacing:var( --e-global-typography-cd9e6b7-letter-spacing );word-spacing:var( --e-global-typography-cd9e6b7-word-spacing );color:var( --e-global-color-1d1b8a1 );}.elementor-2868 .elementor-element.elementor-element-ed366c0{font-size:16px;font-weight:400;color:var( --e-global-color-secondary );margin:0px 0px calc(var(--kit-widget-spacing, 0px) + 12px) 0px;}.elementor-2868 .elementor-element.elementor-element-29bc538{--display:flex;--flex-direction:row;--container-widget-width:calc( ( 1 - var( --container-widget-flex-grow ) ) * 100% );--container-widget-height:100%;--container-widget-flex-grow:1;--container-widget-align-self:stretch;--flex-wrap-mobile:wrap;--align-items:stretch;--gap:0px 0px;--row-gap:0px;--column-gap:0px;--margin-top:0px;--margin-bottom:0px;--margin-left:0px;--margin-right:0px;--padding-top:0px;--padding-bottom:0px;--padding-left:0px;--padding-right:0px;}.elementor-2868 .elementor-element.elementor-element-5254e35{--display:flex;--flex-direction:row;--container-widget-width:initial;--container-widget-height:100%;--container-widget-flex-grow:1;--container-widget-align-self:stretch;--flex-wrap-mobile:wrap;--margin-top:0px;--margin-bottom:0px;--margin-left:0px;--margin-right:0px;}.elementor-2868 .elementor-element.elementor-element-e360c78 .elementor-icon-box-wrapper{align-items:start;gap:16px;}.elementor-2868 .elementor-element.elementor-element-e360c78.elementor-view-stacked .elementor-icon{background-color:var( --e-global-color-accent );}.elementor-2868 .elementor-element.elementor-element-e360c78.elementor-view-framed .elementor-icon, .elementor-2868 .elementor-element.elementor-element-e360c78.elementor-view-default .elementor-icon{fill:var( --e-global-color-accent );color:var( --e-global-color-accent );border-color:var( --e-global-color-accent );}.elementor-2868 .elementor-element.elementor-element-e360c78 .elementor-icon{font-size:48px;}.elementor-2868 .elementor-element.elementor-element-e360c78 .elementor-icon-box-title, .elementor-2868 .elementor-element.elementor-element-e360c78 .elementor-icon-box-title a{font-size:24px;}.elementor-2868 .elementor-element.elementor-element-e360c78 .elementor-icon-box-title{color:var( --e-global-color-f679886 );}.elementor-2868 .elementor-element.elementor-element-e360c78 .elementor-icon-box-description{color:var( --e-global-color-secondary );}.elementor-2868 .elementor-element.elementor-element-b4a9efc{--display:flex;--margin-top:0px;--margin-bottom:0px;--margin-left:0px;--margin-right:0px;}.elementor-2868 .elementor-element.elementor-element-6eb5ecc .elementor-icon-box-wrapper{align-items:start;gap:16px;}.elementor-2868 .elementor-element.elementor-element-6eb5ecc.elementor-view-stacked .elementor-icon{background-color:var( --e-global-color-accent );}.elementor-2868 .elementor-element.elementor-element-6eb5ecc.elementor-view-framed .elementor-icon, .elementor-2868 .elementor-element.elementor-element-6eb5ecc.elementor-view-default .elementor-icon{fill:var( --e-global-color-accent );color:var( --e-global-color-accent );border-color:var( --e-global-color-accent );}.elementor-2868 .elementor-element.elementor-element-6eb5ecc .elementor-icon{font-size:48px;}.elementor-2868 .elementor-element.elementor-element-6eb5ecc .elementor-icon-box-title, .elementor-2868 .elementor-element.elementor-element-6eb5ecc .elementor-icon-box-title a{font-size:24px;}.elementor-2868 .elementor-element.elementor-element-6eb5ecc .elementor-icon-box-title{color:var( --e-global-color-f679886 );}.elementor-2868 .elementor-element.elementor-element-6eb5ecc .elementor-icon-box-description{color:var( --e-global-color-secondary );}.elementor-2868 .elementor-element.elementor-element-a3b7861{--display:flex;--justify-content:center;}.elementor-2868 .elementor-element.elementor-element-e17094a{text-align:end;width:auto;max-width:auto;top:129px;z-index:0;}.elementor-2868 .elementor-element.elementor-element-e17094a .elementor-heading-title{font-family:var( --e-global-typography-a3aafac-font-family ), Sans-serif;font-size:var( --e-global-typography-a3aafac-font-size );font-weight:var( --e-global-typography-a3aafac-font-weight );line-height:var( --e-global-typography-a3aafac-line-height );letter-spacing:var( --e-global-typography-a3aafac-letter-spacing );word-spacing:var( --e-global-typography-a3aafac-word-spacing );text-shadow:0px 0px 2px rgba(0, 0, 0, 0.2);color:#FBFBFB;}body:not(.rtl) .elementor-2868 .elementor-element.elementor-element-e17094a{left:262px;}body.rtl .elementor-2868 .elementor-element.elementor-element-e17094a{right:262px;}.elementor-2868 .elementor-element.elementor-element-e17094a:not(.e-transform){-moz-transform:rotate(90deg);-webkit-transform:rotate(90deg);-o-transform:rotate(90deg);-ms-transform:rotate(90deg);transform:rotate(90deg);}.elementor-2868 .elementor-element.elementor-element-e17094a.e-transform{--e-transform-rotateZ:90deg;}.elementor-2868 .elementor-element.elementor-element-dbbbe93{--display:flex;--flex-direction:row;--container-widget-width:calc( ( 1 - var( --container-widget-flex-grow ) ) * 100% );--container-widget-height:100%;--container-widget-flex-grow:1;--container-widget-align-self:stretch;--flex-wrap-mobile:wrap;--align-items:stretch;--gap:0px 0px;--row-gap:0px;--column-gap:0px;--margin-top:0px;--margin-bottom:-168px;--margin-left:0px;--margin-right:0px;--z-index:2;}.elementor-2868 .elementor-element.elementor-element-cc14501{--display:flex;}.elementor-2868 .elementor-element.elementor-element-5d01715{--display:flex;--border-radius:0px 0px 0px 0px;--padding-top:20px;--padding-bottom:20px;--padding-left:20px;--padding-right:20px;}.elementor-2868 .elementor-element.elementor-element-5d01715:not(.elementor-motion-effects-element-type-background), .elementor-2868 .elementor-element.elementor-element-5d01715 > .elementor-motion-effects-container > .elementor-motion-effects-layer{background-color:var( --e-global-color-1d1b8a1 );}.elementor-2868 .elementor-element.elementor-element-086cafe .elementor-icon-box-wrapper{gap:16px;}.elementor-2868 .elementor-element.elementor-element-086cafe .elementor-icon-box-title{margin-block-end:6px;color:#FDFDFF;}.elementor-2868 .elementor-element.elementor-element-086cafe.elementor-view-stacked .elementor-icon{background-color:#61CE70;}.elementor-2868 .elementor-element.elementor-element-086cafe.elementor-view-framed .elementor-icon, .elementor-2868 .elementor-element.elementor-element-086cafe.elementor-view-default .elementor-icon{fill:#61CE70;color:#61CE70;border-color:#61CE70;}.elementor-2868 .elementor-element.elementor-element-086cafe .elementor-icon{font-size:48px;}.elementor-2868 .elementor-element.elementor-element-086cafe .elementor-icon-box-title, .elementor-2868 .elementor-element.elementor-element-086cafe .elementor-icon-box-title a{font-size:36px;}.elementor-2868 .elementor-element.elementor-element-086cafe .elementor-icon-box-description{color:var( --e-global-color-03be3df );}.elementor-2868 .elementor-element.elementor-element-cd6ef7b{margin:0px 100px calc(var(--kit-widget-spacing, 0px) + 0px) 0px;z-index:1;}@media(max-width:1024px){.elementor-2868 .elementor-element.elementor-element-aa727dd{--margin-top:60px;--margin-bottom:0px;--margin-left:10px;--margin-right:10px;--padding-top:0px;--padding-bottom:0px;--padding-left:0px;--padding-right:0px;}.elementor-2868 .elementor-element.elementor-element-d09f9a7{font-size:var( --e-global-typography-b7d80fe-font-size );line-height:var( --e-global-typography-b7d80fe-line-height );letter-spacing:var( --e-global-typography-b7d80fe-letter-spacing );word-spacing:var( --e-global-typography-b7d80fe-word-spacing );}.elementor-2868 .elementor-element.elementor-element-c312030 .elementor-heading-title{font-size:var( --e-global-typography-cd9e6b7-font-size );line-height:var( --e-global-typography-cd9e6b7-line-height );letter-spacing:var( --e-global-typography-cd9e6b7-letter-spacing );word-spacing:var( --e-global-typography-cd9e6b7-word-spacing );}.elementor-2868 .elementor-element.elementor-element-a3b7861{--margin-top:0px;--margin-bottom:0px;--margin-left:10px;--margin-right:10px;}.elementor-2868 .elementor-element.elementor-element-e17094a .elementor-heading-title{font-size:var( --e-global-typography-a3aafac-font-size );line-height:var( --e-global-typography-a3aafac-line-height );letter-spacing:var( --e-global-typography-a3aafac-letter-spacing );word-spacing:var( --e-global-typography-a3aafac-word-spacing );}}@media(min-width:768px){.elementor-2868 .elementor-element.elementor-element-aa727dd{--width:50%;}.elementor-2868 .elementor-element.elementor-element-a3b7861{--width:50%;}.elementor-2868 .elementor-element.elementor-element-cc14501{--width:49.996%;}.elementor-2868 .elementor-element.elementor-element-5d01715{--width:50.003%;}}@media(max-width:1024px) and (min-width:768px){.elementor-2868 .elementor-element.elementor-element-aa727dd{--width:100%;}.elementor-2868 .elementor-element.elementor-element-a3b7861{--width:100%;}.elementor-2868 .elementor-element.elementor-element-cc14501{--width:40%;}.elementor-2868 .elementor-element.elementor-element-5d01715{--width:60%;}}@media(max-width:767px){.elementor-2868 .elementor-element.elementor-element-945f381{--padding-top:60px;--padding-bottom:60px;--padding-left:0px;--padding-right:0px;}.elementor-2868 .elementor-element.elementor-element-aa727dd{--margin-top:0px;--margin-bottom:0px;--margin-left:0px;--margin-right:0px;}.elementor-2868 .elementor-element.elementor-element-d09f9a7{font-size:var( --e-global-typography-b7d80fe-font-size );line-height:var( --e-global-typography-b7d80fe-line-height );letter-spacing:var( --e-global-typography-b7d80fe-letter-spacing );word-spacing:var( --e-global-typography-b7d80fe-word-spacing );}.elementor-2868 .elementor-element.elementor-element-c312030 .elementor-heading-title{font-size:var( --e-global-typography-cd9e6b7-font-size );line-height:var( --e-global-typography-cd9e6b7-line-height );letter-spacing:var( --e-global-typography-cd9e6b7-letter-spacing );word-spacing:var( --e-global-typography-cd9e6b7-word-spacing );}.elementor-2868 .elementor-element.elementor-element-5254e35{--width:50%;}.elementor-2868 .elementor-element.elementor-element-b4a9efc{--width:50%;}.elementor-2868 .elementor-element.elementor-element-e17094a .elementor-heading-title{font-size:var( --e-global-typography-a3aafac-font-size );line-height:var( --e-global-typography-a3aafac-line-height );letter-spacing:var( --e-global-typography-a3aafac-letter-spacing );word-spacing:var( --e-global-typography-a3aafac-word-spacing );}.elementor-2868 .elementor-element.elementor-element-dbbbe93{--margin-top:0px;--margin-bottom:0px;--margin-left:0px;--margin-right:0px;}.elementor-2868 .elementor-element.elementor-element-cd6ef7b img{width:100%;}.elementor-2868 .elementor-element.elementor-element-cd6ef7b{margin:0px 0px calc(var(--kit-widget-spacing, 0px) + 0px) 0px;}}<\/style>\t\t<div data-elementor-type=\"wp-page\" data-elementor-id=\"2868\" class=\"elementor elementor-2868\" data-elementor-post-type=\"page\">\n\t\t\t\t<div class=\"elementor-element elementor-element-945f381 e-flex e-con-boxed wpr-particle-no wpr-jarallax-no wpr-parallax-no wpr-sticky-section-no e-con e-parent\" data-id=\"945f381\" data-element_type=\"container\" data-e-type=\"container\" data-settings=\"{&quot;background_background&quot;:&quot;classic&quot;}\">\n\t\t\t\t\t<div class=\"e-con-inner\">\n\t\t<div class=\"elementor-element elementor-element-aa727dd e-con-full e-flex wpr-particle-no wpr-jarallax-no wpr-parallax-no wpr-sticky-section-no e-con e-child\" data-id=\"aa727dd\" data-element_type=\"container\" data-e-type=\"container\">\n\t\t\t\t<div class=\"elementor-element elementor-element-d09f9a7 elementor-widget elementor-widget-text-editor\" data-id=\"d09f9a7\" data-element_type=\"widget\" data-e-type=\"widget\" data-widget_type=\"text-editor.default\">\n\t\t\t\t\t\t\t\t\t<p>\u00dcber uns<\/p>\t\t\t\t\t\t\t\t<\/div>\n\t\t\t\t<div class=\"elementor-element elementor-element-c312030 elementor-widget elementor-widget-heading\" data-id=\"c312030\" data-element_type=\"widget\" data-e-type=\"widget\" data-widget_type=\"heading.default\">\n\t\t\t\t\t<h2 class=\"elementor-heading-title elementor-size-default\">Aufbau eines faireren Marktplatzes f\u00fcr Fernarbeit\n<\/h2>\t\t\t\t<\/div>\n\t\t\t\t<div class=\"elementor-element elementor-element-ed366c0 elementor-widget elementor-widget-text-editor\" data-id=\"ed366c0\" data-element_type=\"widget\" data-e-type=\"widget\" data-widget_type=\"text-editor.default\">\n\t\t\t\t\t\t\t\t\tWir sind \u00fcberzeugt, dass der Standort niemals Chancen einschr\u00e4nken sollte. Unsere Mission ist es, talentierte Menschen mit seri\u00f6sen Remote-Jobs zusammenzubringen und dabei Fairness, Transparenz und Inklusion in jedem Prozess zu gew\u00e4hrleisten. Wir pr\u00fcfen jede Stellenanzeige sorgf\u00e4ltig, um klare Stellenbeschreibungen und eine faire Verg\u00fctung sicherzustellen.\n\t\t\t\t\t\t\t\t<\/div>\n\t\t<div class=\"elementor-element elementor-element-29bc538 e-con-full e-flex wpr-particle-no wpr-jarallax-no wpr-parallax-no wpr-sticky-section-no e-con e-child\" data-id=\"29bc538\" data-element_type=\"container\" data-e-type=\"container\">\n\t\t<div class=\"elementor-element elementor-element-5254e35 e-con-full e-flex wpr-particle-no wpr-jarallax-no wpr-parallax-no wpr-sticky-section-no e-con e-child\" data-id=\"5254e35\" data-element_type=\"container\" data-e-type=\"container\">\n\t\t\t\t<div class=\"elementor-element elementor-element-e360c78 elementor-position-inline-start elementor-view-default elementor-mobile-position-block-start elementor-widget elementor-widget-icon-box\" data-id=\"e360c78\" data-element_type=\"widget\" data-e-type=\"widget\" data-widget_type=\"icon-box.default\">\n\t\t\t\t\t\t\t<div class=\"elementor-icon-box-wrapper\">\n\n\t\t\t\t\t\t<div class=\"elementor-icon-box-icon\">\n\t\t\t\t<span  class=\"elementor-icon\">\n\t\t\t\t<i aria-hidden=\"true\" class=\"jki jki-user-shield-solid\"><\/i>\t\t\t\t<\/span>\n\t\t\t<\/div>\n\t\t\t\n\t\t\t\t\t\t<div class=\"elementor-icon-box-content\">\n\n\t\t\t\t\t\t\t\t\t<h3 class=\"elementor-icon-box-title\">\n\t\t\t\t\t\t<span  >\n\t\t\t\t\t\t\tChancengleichheit\t\t\t\t\t\t<\/span>\n\t\t\t\t\t<\/h3>\n\t\t\t\t\n\t\t\t\t\t\t\t\t\t<p class=\"elementor-icon-box-description\">\n\t\t\t\t\t\tQualified applicants from all backgrounds are invited to apply.\n\t\t\t\t\t<\/p>\n\t\t\t\t\n\t\t\t<\/div>\n\t\t\t\n\t\t<\/div>\n\t\t\t\t\t\t<\/div>\n\t\t\t\t<\/div>\n\t\t<div class=\"elementor-element elementor-element-b4a9efc e-con-full e-flex wpr-particle-no wpr-jarallax-no wpr-parallax-no wpr-sticky-section-no e-con e-child\" data-id=\"b4a9efc\" data-element_type=\"container\" data-e-type=\"container\">\n\t\t\t\t<div class=\"elementor-element elementor-element-6eb5ecc elementor-position-inline-start elementor-view-default elementor-mobile-position-block-start elementor-widget elementor-widget-icon-box\" data-id=\"6eb5ecc\" data-element_type=\"widget\" data-e-type=\"widget\" data-widget_type=\"icon-box.default\">\n\t\t\t\t\t\t\t<div class=\"elementor-icon-box-wrapper\">\n\n\t\t\t\t\t\t<div class=\"elementor-icon-box-icon\">\n\t\t\t\t<span  class=\"elementor-icon\">\n\t\t\t\t<i aria-hidden=\"true\" class=\"jki jki-vector-square-solid\"><\/i>\t\t\t\t<\/span>\n\t\t\t<\/div>\n\t\t\t\n\t\t\t\t\t\t<div class=\"elementor-icon-box-content\">\n\n\t\t\t\t\t\t\t\t\t<h3 class=\"elementor-icon-box-title\">\n\t\t\t\t\t\t<span  >\n\t\t\t\t\t\t\tFlexible Optionen\t\t\t\t\t\t<\/span>\n\t\t\t\t\t<\/h3>\n\t\t\t\t\n\t\t\t\t\t\t\t\t\t<p class=\"elementor-icon-box-description\">\n\t\t\t\t\t\tDie Stellen reichen von Vollzeit bis Teilzeit, Sie k\u00f6nnen sich aussuchen, was Ihnen am besten passt.\t\t\t\t\t<\/p>\n\t\t\t\t\n\t\t\t<\/div>\n\t\t\t\n\t\t<\/div>\n\t\t\t\t\t\t<\/div>\n\t\t\t\t<\/div>\n\t\t\t\t<\/div>\n\t\t\t\t<\/div>\n\t\t<div class=\"elementor-element elementor-element-a3b7861 e-con-full e-flex wpr-particle-no wpr-jarallax-no wpr-parallax-no wpr-sticky-section-no e-con e-child\" data-id=\"a3b7861\" data-element_type=\"container\" data-e-type=\"container\">\n\t\t\t\t<div class=\"elementor-element elementor-element-e17094a elementor-widget__width-auto elementor-absolute elementor-hidden-tablet elementor-hidden-phone elementor-widget elementor-widget-heading\" data-id=\"e17094a\" data-element_type=\"widget\" data-e-type=\"widget\" data-settings=\"{&quot;_position&quot;:&quot;absolute&quot;}\" data-widget_type=\"heading.default\">\n\t\t\t\t\t<h2 class=\"elementor-heading-title elementor-size-default\">SPACEHUB<\/h2>\t\t\t\t<\/div>\n\t\t<div class=\"elementor-element elementor-element-dbbbe93 e-con-full e-flex wpr-particle-no wpr-jarallax-no wpr-parallax-no wpr-sticky-section-no e-con e-child\" data-id=\"dbbbe93\" data-element_type=\"container\" data-e-type=\"container\">\n\t\t<div class=\"elementor-element elementor-element-cc14501 e-con-full elementor-hidden-mobile e-flex wpr-particle-no wpr-jarallax-no wpr-parallax-no wpr-sticky-section-no e-con e-child\" data-id=\"cc14501\" data-element_type=\"container\" data-e-type=\"container\">\n\t\t\t\t<\/div>\n\t\t<div class=\"elementor-element elementor-element-5d01715 e-con-full e-flex wpr-particle-no wpr-jarallax-no wpr-parallax-no wpr-sticky-section-no e-con e-child\" data-id=\"5d01715\" data-element_type=\"container\" data-e-type=\"container\" data-settings=\"{&quot;background_background&quot;:&quot;classic&quot;}\">\n\t\t\t\t<div class=\"elementor-element elementor-element-086cafe elementor-view-default elementor-position-block-start elementor-mobile-position-block-start elementor-widget elementor-widget-icon-box\" data-id=\"086cafe\" data-element_type=\"widget\" data-e-type=\"widget\" data-widget_type=\"icon-box.default\">\n\t\t\t\t\t\t\t<div class=\"elementor-icon-box-wrapper\">\n\n\t\t\t\t\t\t<div class=\"elementor-icon-box-icon\">\n\t\t\t\t<span  class=\"elementor-icon\">\n\t\t\t\t<svg aria-hidden=\"true\" class=\"e-font-icon-svg e-far-star\" viewbox=\"0 0 576 512\" xmlns=\"http:\/\/www.w3.org\/2000\/svg\"><path d=\"M528.1 171.5L382 150.2 316.7 17.8c-11.7-23.6-45.6-23.9-57.4 0L194 150.2 47.9 171.5c-26.2 3.8-36.7 36.1-17.7 54.6l105.7 103-25 145.5c-4.5 26.3 23.2 46 46.4 33.7L288 439.6l130.7 68.7c23.2 12.2 50.9-7.4 46.4-33.7l-25-145.5 105.7-103c19-18.5 8.5-50.8-17.7-54.6zM388.6 312.3l23.7 138.4L288 385.4l-124.3 65.3 23.7-138.4-100.6-98 139-20.2 62.2-126 62.2 126 139 20.2-100.6 98z\"><\/path><\/svg>\t\t\t\t<\/span>\n\t\t\t<\/div>\n\t\t\t\n\t\t\t\t\t\t<div class=\"elementor-icon-box-content\">\n\n\t\t\t\t\t\t\t\t\t<h3 class=\"elementor-icon-box-title\">\n\t\t\t\t\t\t<span  >\n\t\t\t\t\t\t\t4.95\t\t\t\t\t\t<\/span>\n\t\t\t\t\t<\/h3>\n\t\t\t\t\n\t\t\t\t\t\t\t\t\t<p class=\"elementor-icon-box-description\">\n\t\t\t\t\t\tPositive Bewertungen\t\t\t\t\t<\/p>\n\t\t\t\t\n\t\t\t<\/div>\n\t\t\t\n\t\t<\/div>\n\t\t\t\t\t\t<\/div>\n\t\t\t\t<\/div>\n\t\t\t\t<\/div>\n\t\t\t\t<div class=\"elementor-element elementor-element-cd6ef7b elementor-widget elementor-widget-image\" data-id=\"cd6ef7b\" data-element_type=\"widget\" data-e-type=\"widget\" data-widget_type=\"image.default\">\n\t\t\t\t\t\t\t\t\t\t\t\t\t\t\t<img fetchpriority=\"high\" decoding=\"async\" width=\"745\" height=\"1024\" src=\"https:\/\/hyring-force.com\/wp-content\/uploads\/2026\/03\/contemporary-women-at-cafe-terrace-e1617867466132-745x1024.jpg\" class=\"attachment-large size-large wp-image-2553\" alt=\"\" srcset=\"https:\/\/hyring-force.com\/wp-content\/uploads\/2026\/03\/contemporary-women-at-cafe-terrace-e1617867466132-745x1024.jpg 745w, https:\/\/hyring-force.com\/wp-content\/uploads\/2026\/03\/contemporary-women-at-cafe-terrace-e1617867466132-218x300.jpg 218w, https:\/\/hyring-force.com\/wp-content\/uploads\/2026\/03\/contemporary-women-at-cafe-terrace-e1617867466132-768x1056.jpg 768w, https:\/\/hyring-force.com\/wp-content\/uploads\/2026\/03\/contemporary-women-at-cafe-terrace-e1617867466132-1117x1536.jpg 1117w, https:\/\/hyring-force.com\/wp-content\/uploads\/2026\/03\/contemporary-women-at-cafe-terrace-e1617867466132.jpg 1331w\" sizes=\"(max-width: 745px) 100vw, 745px\" \/>\t\t\t\t\t\t\t\t\t\t\t\t\t\t\t<\/div>\n\t\t\t\t<\/div>\n\t\t\t\t\t<\/div>\n\t\t\t\t<\/div>\n\t\t\t\t<\/div>","protected":false},"excerpt":{"rendered":"<p>About Us Building a fairer marketplace for remote work We believe that location should never limit opportunities. Our mission is to connect talented individuals with reputable remote jobs, ensuring fairness, transparency, and inclusion in every process. We carefully review each job posting to guarantee clear job descriptions and fair compensation. Equal opportunities Qualified applicants from all backgrounds are invited to apply. Flexible options Roles range from full time to part time, you can choose what suits you. SPACEHUB 4.95 Positive Reviews<\/p>","protected":false},"author":1,"featured_media":0,"parent":0,"menu_order":0,"comment_status":"closed","ping_status":"closed","template":"","meta":{"footnotes":""},"class_list":["post-2868","page","type-page","status-publish","hentry"],"blocksy_meta":{"has_hero_section":"disabled","vertical_spacing_source":"custom","content_area_spacing":"none","styles_descriptor":{"styles":{"desktop":"","tablet":"","mobile":""},"google_fonts":[],"version":6}},"_links":{"self":[{"href":"https:\/\/hyring-force.com\/de\/wp-json\/wp\/v2\/pages\/2868","targetHints":{"allow":["GET"]}}],"collection":[{"href":"https:\/\/hyring-force.com\/de\/wp-json\/wp\/v2\/pages"}],"about":[{"href":"https:\/\/hyring-force.com\/de\/wp-json\/wp\/v2\/types\/page"}],"author":[{"embeddable":true,"href":"https:\/\/hyring-force.com\/de\/wp-json\/wp\/v2\/users\/1"}],"replies":[{"embeddable":true,"href":"https:\/\/hyring-force.com\/de\/wp-json\/wp\/v2\/comments?post=2868"}],"version-history":[{"count":13,"href":"https:\/\/hyring-force.com\/de\/wp-json\/wp\/v2\/pages\/2868\/revisions"}],"predecessor-version":[{"id":2983,"href":"https:\/\/hyring-force.com\/de\/wp-json\/wp\/v2\/pages\/2868\/revisions\/2983"}],"wp:attachment":[{"href":"https:\/\/hyring-force.com\/de\/wp-json\/wp\/v2\/media?parent=2868"}],"curies":[{"name":"wp","href":"https:\/\/api.w.org\/{rel}","templated":true}]}}